{"id":15,"date":"2012-07-29T08:46:47","date_gmt":"2012-07-29T08:46:47","guid":{"rendered":"http:\/\/www.fr.immguidedtours.com\/?page_id=15"},"modified":"2025-08-06T14:21:25","modified_gmt":"2025-08-06T12:21:25","slug":"services-a-madrid","status":"publish","type":"page","link":"https:\/\/www.immguidedtours.com\/fr\/services-a-madrid\/","title":{"rendered":"Services \u00e0 Madrid"},"content":{"rendered":"<h2>Mus\u00e9es, promenades, panoramiques<\/h2>\n<p>&nbsp;<\/p>\n<p style=\"text-align: justify;\">Madrid n&rsquo;est pas seulement une des villes les plus agr\u00e9ables et accueillantes d&rsquo;Europe.Madrid est un joyau culturel unique, que seul un guide exp\u00e9riment\u00e9 et sp\u00e9cialis\u00e9 peut vous faire d\u00e9couvrir.Les chefs d&rsquo;\u0153uvre culturels dans le Madrid des Bourbons sont nombreux. Citons notamment le fameux GUERNICA de Picasso et les MENINAS de Vel\u00e1zquez. Parmi les nombreux et excellents mus\u00e9es : le PRADO notamment, consid\u00e9r\u00e9 comme un des plus beaux du monde !<br \/>\n<a href=\"https:\/\/www.immguidedtours.com\/fr\/wp-content\/uploads\/2012\/07\/meninas.jpg\"><img loading=\"lazy\" decoding=\"async\" class=\"alignright wp-image-28\" title=\"Las Meninas\" src=\"https:\/\/www.immguidedtours.com\/fr\/wp-content\/uploads\/2012\/07\/meninas.jpg\" alt=\"\" width=\"296\" height=\"395\" \/><\/a><br \/>\nLes mus\u00e9es nationaux : le mus\u00e9e arch\u00e9ologique et le mus\u00e9e de la Reine Sofia, ainsi que la collection THYSSEN sont extraordinaires. Mais vous appr\u00e9cierez aussi le charme d&rsquo;une visite guid\u00e9e au mus\u00e9e des Arts d\u00e9coratifs, \u00e0 l&rsquo;Acad\u00e9mie des Beaux Arts, au Sorolla, au Mus\u00e9e d&rsquo;Am\u00e9rique, etc\u2026<\/p>\n<p style=\"text-align: justify;\">La vie nocturne vous tente ? Les caf\u00e9s, brasseries, pubs, et spectacles en tout genre vous raviront. Ou tout simplement, vous vous prom\u00e8nerez aux alentours de la belle place \u00ab Mayor \u00bb qui vous emm\u00e8nera \u00e0 une autre \u00e9poque!<\/p>\n<p style=\"text-align: justify;\">Madrid, capitale de l&rsquo;Espagne est bien s\u00fbr le si\u00e8ge de la Royaut\u00e9 espagnole, dont la magnificence \u00e0 travers les si\u00e8cles se retrouve encore dans les constructions, tels l&rsquo;impressionnant Palais Royal, encore utilis\u00e9 aujourd&rsquo;hui par la famille royale.<\/p>\n<p style=\"text-align: justify;\"><a href=\"https:\/\/www.immguidedtours.com\/fr\/wp-content\/uploads\/2012\/07\/cibelesn.jpg\"><img loading=\"lazy\" decoding=\"async\" class=\"alignleft wp-image-29\" title=\"Cibeles\" src=\"https:\/\/www.immguidedtours.com\/fr\/wp-content\/uploads\/2012\/07\/cibelesn.jpg\" alt=\"\" width=\"260\" height=\"190\" \/><\/a>Vous trouverez tout ce que vous d\u00e9sirez dans les diff\u00e9rents quartiers de Madrid : des centres commerciaux pour tous les budgets, des quartiers modernes avec des immeubles imposants, des parcs nombreux et agr\u00e9ables, tel celui, bien connu, du \u00ab RETIRO \u00bb. Enfin, et ce n&rsquo;est pas le moindre des plaisirs, une fantastique gastronomie, o\u00f9 se retrouvent les meilleurs plats du pays.<\/p>\n","protected":false},"excerpt":{"rendered":"<p>Mus\u00e9es, promenades, panoramiques &nbsp; Madrid n&rsquo;est pas seulement une des villes les plus agr\u00e9ables et accueillantes d&rsquo;Europe.Madrid est un joyau culturel unique, que seul un guide exp\u00e9riment\u00e9 et sp\u00e9cialis\u00e9 peut vous faire d\u00e9couvrir.Les chefs d&rsquo;\u0153uvre culturels dans le Madrid des &hellip; <a href=\"https:\/\/www.immguidedtours.com\/fr\/services-a-madrid\/\">Continuer la lecture <span class=\"meta-nav\">&rarr;<\/span><\/a><\/p>\n","protected":false},"author":2,"featured_media":0,"parent":0,"menu_order":0,"comment_status":"closed","ping_status":"open","template":"","meta":{"footnotes":""},"class_list":["post-15","page","type-page","status-publish","hentry"],"_links":{"self":[{"href":"https:\/\/www.immguidedtours.com\/fr\/wp-json\/wp\/v2\/pages\/15","targetHints":{"allow":["GET"]}}],"collection":[{"href":"https:\/\/www.immguidedtours.com\/fr\/wp-json\/wp\/v2\/pages"}],"about":[{"href":"https:\/\/www.immguidedtours.com\/fr\/wp-json\/wp\/v2\/types\/page"}],"author":[{"embeddable":true,"href":"https:\/\/www.immguidedtours.com\/fr\/wp-json\/wp\/v2\/users\/2"}],"replies":[{"embeddable":true,"href":"https:\/\/www.immguidedtours.com\/fr\/wp-json\/wp\/v2\/comments?post=15"}],"version-history":[{"count":21,"href":"https:\/\/www.immguidedtours.com\/fr\/wp-json\/wp\/v2\/pages\/15\/revisions"}],"predecessor-version":[{"id":235,"href":"https:\/\/www.immguidedtours.com\/fr\/wp-json\/wp\/v2\/pages\/15\/revisions\/235"}],"wp:attachment":[{"href":"https:\/\/www.immguidedtours.com\/fr\/wp-json\/wp\/v2\/media?parent=15"}],"curies":[{"name":"wp","href":"https:\/\/api.w.org\/{rel}","templated":true}]}}