{"id":19,"date":"2012-07-29T08:47:17","date_gmt":"2012-07-29T08:47:17","guid":{"rendered":"http:\/\/www.fr.immguidedtours.com\/?page_id=19"},"modified":"2025-08-06T14:10:17","modified_gmt":"2025-08-06T12:10:17","slug":"excursions-a-madrid","status":"publish","type":"page","link":"https:\/\/www.immguidedtours.com\/fr\/excursions-a-madrid\/","title":{"rendered":"Excursions \u00e0 Madrid"},"content":{"rendered":"<h2>Excursions \u00e0 Madrid<\/h2>\n<p>&nbsp;<\/p>\n<p style=\"text-align: justify;\">Le Monast\u00e8re de l&rsquo;ESCORIAL, la vall\u00e9e des Morts, ALCALA DE HENARES, ARANJUEZ, \u2026.MONAST\u00c8RE DE L&rsquo;ESCORIAL: au XVI\u00e8me si\u00e8cle, Felippe II, un des plus puissants rois que l&rsquo;Espagne ait connu, a choisi un endroit remarquable pour habiter et gouverner son immense empire : EL ESCORIAL. C&rsquo;est une r\u00e9sidence royale, c&rsquo;est un monast\u00e8re, et c&rsquo;est le panth\u00e9on royal le plus important du pays. La meilleure fa\u00e7on de d\u00e9couvrir ce monument est une visite guid\u00e9e par un professionnel qualifi\u00e9. De quoi, retrouver l&rsquo;atmosph\u00e8re de jadis !<br \/>\nDans le cadre de la m\u00eame excursion, vous visitons habituellement la VALLEE DES MORTS. Le paysage est superbe. Et cet \u00e9trange monument qui le domine est \u00e0 pr\u00e9sent dans le livre Guinness des records !<\/p>\n<p style=\"text-align: justify;\">\n<a href=\"https:\/\/www.immguidedtours.com\/fr\/wp-content\/uploads\/2012\/07\/alcala4.jpeg\"><img loading=\"lazy\" decoding=\"async\" class=\"alignright wp-image-55\" title=\"Alcal\u00e1 de Henares\" src=\"https:\/\/www.immguidedtours.com\/fr\/wp-content\/uploads\/2012\/07\/alcala4.jpeg\" alt=\"\" width=\"264\" height=\"161\" \/><\/a>ALCAL\u00c1 DE HENARES: ville d\u00e9clar\u00e9e Patrimoine de l&rsquo;Humanit\u00e9 par l&rsquo;UNESCO, o\u00f9 est n\u00e9 Cervantes, l&rsquo;\u00e9crivain le plus important de la litt\u00e9rature espagnole, auteur notamment de \u201cDon Quichotte\u201d.<\/p>\n<p style=\"text-align: justify;\">Parmi les beaux monuments de l&rsquo;Alcal\u00e1, l&rsquo;on souligne l&rsquo;Universit\u00e9, fond\u00e9e par Cisneros au XV\u00e8me si\u00e8cle et qui deviendra r\u00e9put\u00e9e mondialement.<\/p>\n<p style=\"text-align: justify;\"><a href=\"https:\/\/www.immguidedtours.com\/fr\/wp-content\/uploads\/2012\/07\/aranjuez-3.gif\"><img loading=\"lazy\" decoding=\"async\" class=\"alignleft wp-image-56\" title=\"Aranjuez\" src=\"https:\/\/www.immguidedtours.com\/fr\/wp-content\/uploads\/2012\/07\/aranjuez-3.gif\" alt=\"\" width=\"285\" height=\"187\" \/><\/a><\/p>\n<p style=\"text-align: justify;\">ARANJUEZ est une ville dont les principaux attraits sont le Palais et la R\u00e9sidence Royale, dont les splendides jardines existaient d\u00e9j\u00e0 au temps d&rsquo;Isabelle la Catholique. Un guide profesionnel vous montrera ces endroits, y compris la ravissante collection de la \u201cMaison de mariniers\u201d. En plus de ces destinations, nous offrons aussi des visites guid\u00e9es dans d&rsquo;autres lieux int\u00e9ressants comme LE CHATE\u00c2U DU MANZANARES EL REAL, habit\u00e9 jadis par la puissante famille noble des Mendoza, EL PARDO et son Palais Royal, et CHINCH\u00d3N.<\/p>\n","protected":false},"excerpt":{"rendered":"<p>Excursions \u00e0 Madrid &nbsp; Le Monast\u00e8re de l&rsquo;ESCORIAL, la vall\u00e9e des Morts, ALCALA DE HENARES, ARANJUEZ, \u2026.MONAST\u00c8RE DE L&rsquo;ESCORIAL: au XVI\u00e8me si\u00e8cle, Felippe II, un des plus puissants rois que l&rsquo;Espagne ait connu, a choisi un endroit remarquable pour habiter &hellip; <a href=\"https:\/\/www.immguidedtours.com\/fr\/excursions-a-madrid\/\">Continuer la lecture <span class=\"meta-nav\">&rarr;<\/span><\/a><\/p>\n","protected":false},"author":2,"featured_media":0,"parent":0,"menu_order":0,"comment_status":"closed","ping_status":"open","template":"","meta":{"footnotes":""},"class_list":["post-19","page","type-page","status-publish","hentry"],"_links":{"self":[{"href":"https:\/\/www.immguidedtours.com\/fr\/wp-json\/wp\/v2\/pages\/19","targetHints":{"allow":["GET"]}}],"collection":[{"href":"https:\/\/www.immguidedtours.com\/fr\/wp-json\/wp\/v2\/pages"}],"about":[{"href":"https:\/\/www.immguidedtours.com\/fr\/wp-json\/wp\/v2\/types\/page"}],"author":[{"embeddable":true,"href":"https:\/\/www.immguidedtours.com\/fr\/wp-json\/wp\/v2\/users\/2"}],"replies":[{"embeddable":true,"href":"https:\/\/www.immguidedtours.com\/fr\/wp-json\/wp\/v2\/comments?post=19"}],"version-history":[{"count":19,"href":"https:\/\/www.immguidedtours.com\/fr\/wp-json\/wp\/v2\/pages\/19\/revisions"}],"predecessor-version":[{"id":231,"href":"https:\/\/www.immguidedtours.com\/fr\/wp-json\/wp\/v2\/pages\/19\/revisions\/231"}],"wp:attachment":[{"href":"https:\/\/www.immguidedtours.com\/fr\/wp-json\/wp\/v2\/media?parent=19"}],"curies":[{"name":"wp","href":"https:\/\/api.w.org\/{rel}","templated":true}]}}