{"id":21,"date":"2012-07-29T08:48:00","date_gmt":"2012-07-29T08:48:00","guid":{"rendered":"http:\/\/www.fr.immguidedtours.com\/?page_id=21"},"modified":"2025-08-06T14:25:11","modified_gmt":"2025-08-06T12:25:11","slug":"dautres-services","status":"publish","type":"page","link":"https:\/\/www.immguidedtours.com\/fr\/dautres-services\/","title":{"rendered":"D&rsquo;autres services"},"content":{"rendered":"<h2>Excursions hors-Madrid<\/h2>\n<p>&nbsp;<\/p>\n<p style=\"text-align: justify;\">AVILA\/TOLEDO\/SEGOVIA<br \/>\nL&rsquo;Espagne est le pays qui poss\u00e8de le plus grand nombre de villes d\u00e9clar\u00e9es Patrimoine de l&rsquo;Humanit\u00e9 par l&rsquo;UNESCO. Parmi elles, \u00c1vila, Toledo et Segovia. Toutes les trois se trouvent \u00e0 une heure et demi environ de Madrid.<br \/>\n<a href=\"https:\/\/www.immguidedtours.com\/fr\/wp-content\/uploads\/2012\/07\/avila.jpeg\"><img loading=\"lazy\" decoding=\"async\" class=\"alignright wp-image-69\" title=\"\u00c1vila\" src=\"https:\/\/www.immguidedtours.com\/fr\/wp-content\/uploads\/2012\/07\/avila.jpeg\" alt=\"\" width=\"300\" height=\"227\" \/><\/a><br \/>\nLa patrie de Sainte Th\u00e9r\u00e8se, Avila, entour\u00e9e par une impressionnante muraille romane du Xi\u00e8me si\u00e8cle, merveilleusement conserv\u00e9e, est la ville o\u00f9 a \u00e9t\u00e9 construite la premi\u00e8re Cath\u00e9drale gothique d&rsquo;Espagne.<\/p>\n<p style=\"text-align: justify;\">Tol\u00e8de, ancienne capitale espagnole, s&rsquo;est m\u00e9rit\u00e9e le prestigieux titre de l&rsquo;UNESCO, non seulement \u00e0 cause de son incroyable patrimoine artistique, mais aussi pour son agr\u00e9able situation. Cette ville m\u00e9di\u00e9vale est encore la capital religieuse du pays. Cela devient \u00e9vident lors d&rsquo;une visite guid\u00e9e \u00e0 sa somptueuse Cath\u00e9drale et autres monuments comme ses synagoges, ses \u00e9glises&#8230; que r\u00e9v\u00e8le la pr\u00e9sence des trois cultures qui ont habit\u00e9 ici ensemble pendant des si\u00e8cles: catholique, juive et musulmane.<\/p>\n<p style=\"text-align: justify;\"><a href=\"https:\/\/www.immguidedtours.com\/fr\/wp-content\/uploads\/2012\/07\/aquaduct.jpeg\"><img loading=\"lazy\" decoding=\"async\" class=\"alignleft wp-image-70\" title=\"Acueducto de Segovia\" src=\"https:\/\/www.immguidedtours.com\/fr\/wp-content\/uploads\/2012\/07\/aquaduct.jpeg\" alt=\"\" width=\"253\" height=\"252\" srcset=\"https:\/\/www.immguidedtours.com\/fr\/wp-content\/uploads\/2012\/07\/aquaduct.jpeg 463w, https:\/\/www.immguidedtours.com\/fr\/wp-content\/uploads\/2012\/07\/aquaduct-150x150.jpg 150w, https:\/\/www.immguidedtours.com\/fr\/wp-content\/uploads\/2012\/07\/aquaduct-300x298.jpg 300w\" sizes=\"auto, (max-width: 253px) 100vw, 253px\" \/><\/a>S\u00e9govia a \u00e9t\u00e9 un autre point de rencontre de ces trois cultures, o\u00f9 d&rsquo;importants \u00e9v\u00e9nements historiques ont eu lieu, comme le couronnement de la reine Isabelle la Catholique: moment immortalis\u00e9 par un tableau expos\u00e9 \u00e0 l&rsquo;Alcazar, forteresse similaire \u00e0 un ch\u00e2teau de Disney. Une fois encore, nous avons rendez-vous avec un riche Patrimoine artistique, culturel et architectural dont l&rsquo;exemple le plus ancien est son impressionnant aqueduc romain: un chef d&rsquo;oeuvre de l&rsquo;ing\u00e9nierie de l&rsquo;antiquit\u00e9, et splendidement conserv\u00e9.<\/p>\n","protected":false},"excerpt":{"rendered":"<p>Excursions hors-Madrid &nbsp; AVILA\/TOLEDO\/SEGOVIA L&rsquo;Espagne est le pays qui poss\u00e8de le plus grand nombre de villes d\u00e9clar\u00e9es Patrimoine de l&rsquo;Humanit\u00e9 par l&rsquo;UNESCO. Parmi elles, \u00c1vila, Toledo et Segovia. Toutes les trois se trouvent \u00e0 une heure et demi environ de &hellip; <a href=\"https:\/\/www.immguidedtours.com\/fr\/dautres-services\/\">Continuer la lecture <span class=\"meta-nav\">&rarr;<\/span><\/a><\/p>\n","protected":false},"author":2,"featured_media":0,"parent":0,"menu_order":0,"comment_status":"closed","ping_status":"open","template":"","meta":{"footnotes":""},"class_list":["post-21","page","type-page","status-publish","hentry"],"_links":{"self":[{"href":"https:\/\/www.immguidedtours.com\/fr\/wp-json\/wp\/v2\/pages\/21","targetHints":{"allow":["GET"]}}],"collection":[{"href":"https:\/\/www.immguidedtours.com\/fr\/wp-json\/wp\/v2\/pages"}],"about":[{"href":"https:\/\/www.immguidedtours.com\/fr\/wp-json\/wp\/v2\/types\/page"}],"author":[{"embeddable":true,"href":"https:\/\/www.immguidedtours.com\/fr\/wp-json\/wp\/v2\/users\/2"}],"replies":[{"embeddable":true,"href":"https:\/\/www.immguidedtours.com\/fr\/wp-json\/wp\/v2\/comments?post=21"}],"version-history":[{"count":18,"href":"https:\/\/www.immguidedtours.com\/fr\/wp-json\/wp\/v2\/pages\/21\/revisions"}],"predecessor-version":[{"id":236,"href":"https:\/\/www.immguidedtours.com\/fr\/wp-json\/wp\/v2\/pages\/21\/revisions\/236"}],"wp:attachment":[{"href":"https:\/\/www.immguidedtours.com\/fr\/wp-json\/wp\/v2\/media?parent=21"}],"curies":[{"name":"wp","href":"https:\/\/api.w.org\/{rel}","templated":true}]}}