{"id":25,"date":"2012-07-29T08:48:44","date_gmt":"2012-07-29T08:48:44","guid":{"rendered":"http:\/\/www.fr.immguidedtours.com\/?page_id=25"},"modified":"2025-08-06T14:11:06","modified_gmt":"2025-08-06T12:11:06","slug":"guides-accompagnateurs","status":"publish","type":"page","link":"https:\/\/www.immguidedtours.com\/fr\/guides-accompagnateurs\/","title":{"rendered":"Guides accompagnateurs"},"content":{"rendered":"<h2>Guides accompagnateurs<\/h2>\n<p>&nbsp;<br \/>\nNous sommes sp\u00e9cialis\u00e9s dans les voyages et p\u00e9riples en Espagne et en Europe: en espagnol, en fran\u00e7ais et anglais. Mais nous pouvons aussi vous trouver de guides accompagnateurs travaillant dans la langue de votre choix.<\/p>\n","protected":false},"excerpt":{"rendered":"<p>Guides accompagnateurs &nbsp; Nous sommes sp\u00e9cialis\u00e9s dans les voyages et p\u00e9riples en Espagne et en Europe: en espagnol, en fran\u00e7ais et anglais. Mais nous pouvons aussi vous trouver de guides accompagnateurs travaillant dans la langue de votre choix.<\/p>\n","protected":false},"author":2,"featured_media":0,"parent":0,"menu_order":0,"comment_status":"closed","ping_status":"open","template":"","meta":{"footnotes":""},"class_list":["post-25","page","type-page","status-publish","hentry"],"_links":{"self":[{"href":"https:\/\/www.immguidedtours.com\/fr\/wp-json\/wp\/v2\/pages\/25","targetHints":{"allow":["GET"]}}],"collection":[{"href":"https:\/\/www.immguidedtours.com\/fr\/wp-json\/wp\/v2\/pages"}],"about":[{"href":"https:\/\/www.immguidedtours.com\/fr\/wp-json\/wp\/v2\/types\/page"}],"author":[{"embeddable":true,"href":"https:\/\/www.immguidedtours.com\/fr\/wp-json\/wp\/v2\/users\/2"}],"replies":[{"embeddable":true,"href":"https:\/\/www.immguidedtours.com\/fr\/wp-json\/wp\/v2\/comments?post=25"}],"version-history":[{"count":11,"href":"https:\/\/www.immguidedtours.com\/fr\/wp-json\/wp\/v2\/pages\/25\/revisions"}],"predecessor-version":[{"id":168,"href":"https:\/\/www.immguidedtours.com\/fr\/wp-json\/wp\/v2\/pages\/25\/revisions\/168"}],"wp:attachment":[{"href":"https:\/\/www.immguidedtours.com\/fr\/wp-json\/wp\/v2\/media?parent=25"}],"curies":[{"name":"wp","href":"https:\/\/api.w.org\/{rel}","templated":true}]}}