{"id":9,"date":"2012-07-29T08:24:59","date_gmt":"2012-07-29T08:24:59","guid":{"rendered":"http:\/\/www.fr.immguidedtours.com\/?page_id=9"},"modified":"2025-08-06T13:45:45","modified_gmt":"2025-08-06T11:45:45","slug":"accueil","status":"publish","type":"page","link":"https:\/\/www.immguidedtours.com\/fr\/","title":{"rendered":"Accueil"},"content":{"rendered":"<h2>Visite Guid\u00e9e de Madrid<\/h2>\n<p>IMM GuidedTours guide les visites \u00e0 Madrid et dans les villes voisines et met \u00e0 votre disposition aussi bien des guides officiels sp\u00e9cialis\u00e9s qu&rsquo;un service de guides accompagnateurs tant en Espagne qu&rsquo;en Europe.<\/p>\n<p>Le point fort de IMM GuidedTours est l&rsquo;adaptation aux souhaits des groupes. Les groupes int\u00e9ress\u00e9s par l&rsquo;art, l&rsquo;histoire ou la culture rencontreront des guides locaux hautement qualifi\u00e9s.<\/p>\n<p>Par nos connaissances culturelles et linguistiques, par notre exp\u00e9rience aussi, nous nous adaptons ais\u00e9ment aux groupes qui auraient des souhaits particuliers : voyages de promotion ou visites priv\u00e9es au mus\u00e9e du Prado en dehors des heures officielles d&rsquo;ouverture , troisi\u00e8me \u00e2ge, groupes scolaires (activit\u00e9 p\u00e9dagogique), etc\u2026<\/p>\n<p>En plus des visites guid\u00e9es classiques, nous sommes en mesure de fournir un service \u00ab \u00e0 la carte \u00bb pour les groupes et les particuliers ; que ce soit en espagnol, en anglais, en fran\u00e7ais ou en italien !<br \/>\nLa qualit\u00e9 du travail et un service personnalis\u00e9 sont nos objectifs, tant pour la satisfaction du voyageur, du touriste, que pour celle des agences de voyages.<\/p>\n","protected":false},"excerpt":{"rendered":"<p>Visite Guid\u00e9e de Madrid IMM GuidedTours guide les visites \u00e0 Madrid et dans les villes voisines et met \u00e0 votre disposition aussi bien des guides officiels sp\u00e9cialis\u00e9s qu&rsquo;un service de guides accompagnateurs tant en Espagne qu&rsquo;en Europe. Le point fort &hellip; <a href=\"https:\/\/www.immguidedtours.com\/fr\/\">Continuer la lecture <span class=\"meta-nav\">&rarr;<\/span><\/a><\/p>\n","protected":false},"author":2,"featured_media":0,"parent":0,"menu_order":0,"comment_status":"closed","ping_status":"open","template":"","meta":{"footnotes":""},"class_list":["post-9","page","type-page","status-publish","hentry"],"_links":{"self":[{"href":"https:\/\/www.immguidedtours.com\/fr\/wp-json\/wp\/v2\/pages\/9","targetHints":{"allow":["GET"]}}],"collection":[{"href":"https:\/\/www.immguidedtours.com\/fr\/wp-json\/wp\/v2\/pages"}],"about":[{"href":"https:\/\/www.immguidedtours.com\/fr\/wp-json\/wp\/v2\/types\/page"}],"author":[{"embeddable":true,"href":"https:\/\/www.immguidedtours.com\/fr\/wp-json\/wp\/v2\/users\/2"}],"replies":[{"embeddable":true,"href":"https:\/\/www.immguidedtours.com\/fr\/wp-json\/wp\/v2\/comments?post=9"}],"version-history":[{"count":8,"href":"https:\/\/www.immguidedtours.com\/fr\/wp-json\/wp\/v2\/pages\/9\/revisions"}],"predecessor-version":[{"id":176,"href":"https:\/\/www.immguidedtours.com\/fr\/wp-json\/wp\/v2\/pages\/9\/revisions\/176"}],"wp:attachment":[{"href":"https:\/\/www.immguidedtours.com\/fr\/wp-json\/wp\/v2\/media?parent=9"}],"curies":[{"name":"wp","href":"https:\/\/api.w.org\/{rel}","templated":true}]}}