{"id":21,"date":"2012-01-20T11:41:20","date_gmt":"2012-01-20T11:41:20","guid":{"rendered":"http:\/\/\/it\/it\/?page_id=21"},"modified":"2025-08-06T14:44:20","modified_gmt":"2025-08-06T12:44:20","slug":"escursioni-a-madrid","status":"publish","type":"page","link":"https:\/\/www.immguidedtours.com\/it\/escursioni-a-madrid\/","title":{"rendered":"Escursioni a Madrid"},"content":{"rendered":"<h2>Escursioni a Madrid<\/h2>\n<h4>MONASTERO DELL&#8217; ESCORIAL E VALLE DEI CADUTI\/ALCAL\u00c1 DE HENARES\/ARANJUEZ<\/h4>\n<p>Nel secolo sedicesimo Felipe II, uno dei pi\u00fa potenti Re di Spagna, scegle un luogo dove abitare e da cui governare il proprio Imperio:L&#8217;ESCORIAL, residenza reale, monastero e il pi\u00fa importante Pante\u00f3n di Spagna.<br \/>\nIl modo migliore per scoprire questo monumento consiste in una visita guidata da un professionista qualificato che Vi condurr\u00e0 ai segreti di epoche lontane.<br \/>\nDi solito, nella stessa escursione, visitiamo anche la VALLE DEI CADUTI, distesa in un paesaggio favoloso.<\/p>\n<div id=\"attachment_124\" style=\"width: 387px\" class=\"wp-caption alignright\"><img loading=\"lazy\" decoding=\"async\" aria-describedby=\"caption-attachment-124\" class=\"wp-image-124\" src=\"https:\/\/www.immguidedtours.com\/it\/wp-content\/uploads\/2012\/01\/alcala4.jpeg\" alt=\"Alcal\u00e1 de Henares\" width=\"377\" height=\"228\" \/><p id=\"caption-attachment-124\" class=\"wp-caption-text\">Alcal\u00e1 de Henares<\/p><\/div>\n<p>ALCAL\u00c1 DE HENARES, citt\u00e0 dichiarata Patrimonio dell&#8217;Umanit\u00e0 dall&#8217; UNESCO, \u00e8 citt\u00e1 dove \u00e8 nato e ha abitato Cervantes, il grande autore del Don Chisciotte, il libro pi\u00fa importante nella letteratura spagnola.<br \/>\nFra i bei monumenti di Alcal\u00e1 spicca l&#8217;Universit\u00e0, fondata nel XV secolo da Cisneros, che goderebbe de fama internazionale.<\/p>\n<div id=\"attachment_125\" style=\"width: 306px\" class=\"wp-caption alignleft\"><img loading=\"lazy\" decoding=\"async\" aria-describedby=\"caption-attachment-125\" class=\" wp-image-125\" title=\"Aranjuez\" src=\"https:\/\/www.immguidedtours.com\/it\/wp-content\/uploads\/2012\/01\/aranjuez-3.gif\" alt=\"Aranjuez\" width=\"296\" height=\"194\" \/><p id=\"caption-attachment-125\" class=\"wp-caption-text\">Aranjuez<\/p><\/div>\n<p style=\"text-align: left;\">ARANJUEZ vanta un palazzo, antica residenza reale, ed incontevoli giardini che risalgono ai tempi di Isabella la Cattolica.<\/p>\n<p>Questi sono le destinazione pi\u00fa popolari ma tra gli altri luoghi interessanti a cui noi offriamo visite guidate, sono il CASTELLO MANZANARES EL REAL, abitato nel pasato dalla potente famiglia Mendoza, EL PARDO e il suo Palazzo Reale e CHINCH\u00d3N, con la sua pittoresca piazza.<\/p>\n","protected":false},"excerpt":{"rendered":"<p>Escursioni a Madrid MONASTERO DELL&#8217; ESCORIAL E VALLE DEI CADUTI\/ALCAL\u00c1 DE HENARES\/ARANJUEZ Nel secolo sedicesimo Felipe II, uno dei pi\u00fa potenti Re di Spagna, scegle un luogo dove abitare e da cui governare il proprio Imperio:L&#8217;ESCORIAL, residenza reale, monastero e &hellip; <a href=\"https:\/\/www.immguidedtours.com\/it\/escursioni-a-madrid\/\">Sigue leyendo <span class=\"meta-nav\">&rarr;<\/span><\/a><\/p>\n","protected":false},"author":1,"featured_media":0,"parent":0,"menu_order":0,"comment_status":"closed","ping_status":"open","template":"","meta":{"footnotes":""},"class_list":["post-21","page","type-page","status-publish","hentry"],"_links":{"self":[{"href":"https:\/\/www.immguidedtours.com\/it\/wp-json\/wp\/v2\/pages\/21","targetHints":{"allow":["GET"]}}],"collection":[{"href":"https:\/\/www.immguidedtours.com\/it\/wp-json\/wp\/v2\/pages"}],"about":[{"href":"https:\/\/www.immguidedtours.com\/it\/wp-json\/wp\/v2\/types\/page"}],"author":[{"embeddable":true,"href":"https:\/\/www.immguidedtours.com\/it\/wp-json\/wp\/v2\/users\/1"}],"replies":[{"embeddable":true,"href":"https:\/\/www.immguidedtours.com\/it\/wp-json\/wp\/v2\/comments?post=21"}],"version-history":[{"count":17,"href":"https:\/\/www.immguidedtours.com\/it\/wp-json\/wp\/v2\/pages\/21\/revisions"}],"predecessor-version":[{"id":221,"href":"https:\/\/www.immguidedtours.com\/it\/wp-json\/wp\/v2\/pages\/21\/revisions\/221"}],"wp:attachment":[{"href":"https:\/\/www.immguidedtours.com\/it\/wp-json\/wp\/v2\/media?parent=21"}],"curies":[{"name":"wp","href":"https:\/\/api.w.org\/{rel}","templated":true}]}}