{"id":23,"date":"2012-01-20T11:42:12","date_gmt":"2012-01-20T11:42:12","guid":{"rendered":"http:\/\/\/it\/it\/?page_id=23"},"modified":"2025-08-06T14:44:58","modified_gmt":"2025-08-06T12:44:58","slug":"musei-passeggiate","status":"publish","type":"page","link":"https:\/\/www.immguidedtours.com\/it\/musei-passeggiate\/","title":{"rendered":"Musei, passeggiate"},"content":{"rendered":"<h2>Musei, passeggiate<\/h2>\n<p>&nbsp;<\/p>\n<div id=\"attachment_15\" style=\"width: 232px\" class=\"wp-caption alignright\"><img loading=\"lazy\" decoding=\"async\" aria-describedby=\"caption-attachment-15\" class=\"size-medium wp-image-15 \" title=\"Las Meninas\" alt=\"Las Meninas\" src=\"http:\/\/www.immguidedtours.com\/uk\/wp-content\/uploads\/2012\/07\/meninas-222x300.jpg\" width=\"222\" height=\"300\" \/><p id=\"caption-attachment-15\" class=\"wp-caption-text\">Las Meninas &#8211; Museo del Prado<\/p><\/div>\n<p align=\"justify\">Oltre al Prado, a Madrid si trovano i pi\u00fa frequentati musei nazionale, l&#8217;Archeologico, il Reina Sof\u00eda e la collezione Thyssen, davvero straordinari, dove non \u00e8 da perdere una visita guidata, pi\u00f9 una serie di altri musei: Arti decorativi, il Sorolla, l&#8217;Academia de Belle Arti, il museo d&#8217;America&#8230;<\/p>\n<p align=\"justify\">Vita notturna?<\/p>\n<p>Qui troverete gente a qualsiasi ora del giorno o della notte, e goderete di un&#8217;amplia scelta di birrerie, pubs, caff\u00e9, spettacoli e di corsi pedonali come quello monumentale attraverso la straordinaria Madrid degli Asburgo, con la sua bellissima piazza Mayor che Vi trasporter\u00e0 in un&#8217; altra epoca.<\/p>\n<p>La capitale della Spagna \u00e8 anche la sede della dinast\u00eda Reale spagnola, la cui magnificenza si \u00e8 riflessa nei secoli in costruzioni come lo splendido Palazzo Reale.<\/p>\n<div style=\"width: 235px\" class=\"wp-caption alignleft\"><img loading=\"lazy\" decoding=\"async\" title=\"La Cibeles\" alt=\"La Cibeles\" src=\"http:\/\/www.immguidedtours.com\/uk\/wp-content\/uploads\/2012\/07\/cibelesn.jpg\" width=\"225\" height=\"162\" \/><p class=\"wp-caption-text\">La Cibeles &#8211; Madrid<\/p><\/div>\n<p align=\"justify\">Troverete tutto ci\u00f2 che desiderate nei diversi quartieri di Madrid: zone commerciali per tutte le tasche, un quartiere moderno con ufici imponenti, numerosi e piacevoli parchi come il famoso &#8216;Retiro&#8217; e per ultimo ma non m\u00e9no importante, un elenco gastronomico che reunisce i migliori piatti del paese.<\/p>\n","protected":false},"excerpt":{"rendered":"<p>Musei, passeggiate &nbsp; Oltre al Prado, a Madrid si trovano i pi\u00fa frequentati musei nazionale, l&#8217;Archeologico, il Reina Sof\u00eda e la collezione Thyssen, davvero straordinari, dove non \u00e8 da perdere una visita guidata, pi\u00f9 una serie di altri musei: Arti &hellip; <a href=\"https:\/\/www.immguidedtours.com\/it\/musei-passeggiate\/\">Sigue leyendo <span class=\"meta-nav\">&rarr;<\/span><\/a><\/p>\n","protected":false},"author":1,"featured_media":0,"parent":0,"menu_order":0,"comment_status":"closed","ping_status":"open","template":"","meta":{"footnotes":""},"class_list":["post-23","page","type-page","status-publish","hentry"],"_links":{"self":[{"href":"https:\/\/www.immguidedtours.com\/it\/wp-json\/wp\/v2\/pages\/23","targetHints":{"allow":["GET"]}}],"collection":[{"href":"https:\/\/www.immguidedtours.com\/it\/wp-json\/wp\/v2\/pages"}],"about":[{"href":"https:\/\/www.immguidedtours.com\/it\/wp-json\/wp\/v2\/types\/page"}],"author":[{"embeddable":true,"href":"https:\/\/www.immguidedtours.com\/it\/wp-json\/wp\/v2\/users\/1"}],"replies":[{"embeddable":true,"href":"https:\/\/www.immguidedtours.com\/it\/wp-json\/wp\/v2\/comments?post=23"}],"version-history":[{"count":18,"href":"https:\/\/www.immguidedtours.com\/it\/wp-json\/wp\/v2\/pages\/23\/revisions"}],"predecessor-version":[{"id":145,"href":"https:\/\/www.immguidedtours.com\/it\/wp-json\/wp\/v2\/pages\/23\/revisions\/145"}],"wp:attachment":[{"href":"https:\/\/www.immguidedtours.com\/it\/wp-json\/wp\/v2\/media?parent=23"}],"curies":[{"name":"wp","href":"https:\/\/api.w.org\/{rel}","templated":true}]}}