{"id":27,"date":"2012-01-20T11:43:54","date_gmt":"2012-01-20T11:43:54","guid":{"rendered":"http:\/\/\/it\/it\/?page_id=27"},"modified":"2025-08-06T14:44:33","modified_gmt":"2025-08-06T12:44:33","slug":"escursioni-fuori-madrid","status":"publish","type":"page","link":"https:\/\/www.immguidedtours.com\/it\/escursioni-fuori-madrid\/","title":{"rendered":"Escursioni fuori Madrid"},"content":{"rendered":"<h2>Escursioni fuori Madrid<\/h2>\n<h3>AVILA\/TOLEDO\/SEGOVIA<\/h3>\n<p>Spagna \u00e8 il paese con il pi\u00fa grande numero di citt\u00e1 dichiarate Patrimonio della Umanit\u00e1 dall&#8217;UNESCO. Fra queste: \u00c1vila, Toledo e Segovia. Tutte e tre a circa un&#8217; oradi viaggio da Madrid.<\/p>\n<div id=\"attachment_131\" style=\"width: 323px\" class=\"wp-caption alignright\"><img loading=\"lazy\" decoding=\"async\" aria-describedby=\"caption-attachment-131\" class=\"wp-image-131 \" src=\"https:\/\/www.immguidedtours.com\/it\/wp-content\/uploads\/2012\/01\/avila1.jpeg\" alt=\"Mura Romaniche - Avila\" width=\"313\" height=\"236\" srcset=\"https:\/\/www.immguidedtours.com\/it\/wp-content\/uploads\/2012\/01\/avila1.jpeg 1024w, https:\/\/www.immguidedtours.com\/it\/wp-content\/uploads\/2012\/01\/avila1-300x225.jpeg 300w\" sizes=\"auto, (max-width: 313px) 100vw, 313px\" \/><p id=\"caption-attachment-131\" class=\"wp-caption-text\">Mura Romaniche &#8211; Avila<\/p><\/div>\n<p>La citt\u00e0 natale di Santa Teresa, \u00c1vila, \u00e8 circondata da impressionanti mura romaniche e vanta la prima catedrale gotica di Spagna.<\/p>\n<p>Toledo, l&#8217;antica capitale spagnola, merita il prestigioso titolo dall&#8217;UNESCO conserva un eccezionale Patrimonio art\u00edstico e un gradevole assetto urbano.<br \/>\nQuesta citt\u00e1 medievale \u00e8 ancora oggi la capitale religiosa del paese, e la visita guidata non mancher\u00e0 di toccare la sua splendida cattedrale e altri monumenti: sinagoghe, chiese&#8230;i quali rivelano la presenza delle 3 culture que hanno convissuto qui durante qualche secolo: la cattolica, l&#8217;ebraica e la musulmana.<\/p>\n<div id=\"attachment_83\" style=\"width: 283px\" class=\"wp-caption alignleft\"><img loading=\"lazy\" decoding=\"async\" aria-describedby=\"caption-attachment-83\" class=\"wp-image-83 \" src=\"https:\/\/www.immguidedtours.com\/it\/wp-content\/uploads\/2012\/01\/aquaduct.jpeg\" alt=\"Acquedotto Romano - Segovia\" width=\"273\" height=\"272\" srcset=\"https:\/\/www.immguidedtours.com\/it\/wp-content\/uploads\/2012\/01\/aquaduct.jpeg 463w, https:\/\/www.immguidedtours.com\/it\/wp-content\/uploads\/2012\/01\/aquaduct-150x150.jpg 150w, https:\/\/www.immguidedtours.com\/it\/wp-content\/uploads\/2012\/01\/aquaduct-300x298.jpg 300w\" sizes=\"auto, (max-width: 273px) 100vw, 273px\" \/><p id=\"caption-attachment-83\" class=\"wp-caption-text\">Acquedotto Romano &#8211; Segovia<\/p><\/div>\n<p>Altro punto d&#8217;incontro di queste 3 culture \u00e8 SEGOVIA, citt\u00e0 dove avvenne un evento storico fondamentale: l&#8217;incoronazione di Isabel la Cattolica.<\/p>\n<p>Ancora una volta troviamo di fronte a uno straordinario Patrimonio art\u00edstico e di certo non \u00e8 possibile dimenticare il celebre acquedotto romano, splendidamente conservato, un gioiello d&#8217;ingegneria la cui costruzione risale a circa 2.000 anni fa.<\/p>\n","protected":false},"excerpt":{"rendered":"<p>Escursioni fuori Madrid AVILA\/TOLEDO\/SEGOVIA Spagna \u00e8 il paese con il pi\u00fa grande numero di citt\u00e1 dichiarate Patrimonio della Umanit\u00e1 dall&#8217;UNESCO. Fra queste: \u00c1vila, Toledo e Segovia. Tutte e tre a circa un&#8217; oradi viaggio da Madrid. La citt\u00e0 natale di &hellip; <a href=\"https:\/\/www.immguidedtours.com\/it\/escursioni-fuori-madrid\/\">Sigue leyendo <span class=\"meta-nav\">&rarr;<\/span><\/a><\/p>\n","protected":false},"author":1,"featured_media":0,"parent":0,"menu_order":0,"comment_status":"closed","ping_status":"open","template":"","meta":{"footnotes":""},"class_list":["post-27","page","type-page","status-publish","hentry"],"_links":{"self":[{"href":"https:\/\/www.immguidedtours.com\/it\/wp-json\/wp\/v2\/pages\/27","targetHints":{"allow":["GET"]}}],"collection":[{"href":"https:\/\/www.immguidedtours.com\/it\/wp-json\/wp\/v2\/pages"}],"about":[{"href":"https:\/\/www.immguidedtours.com\/it\/wp-json\/wp\/v2\/types\/page"}],"author":[{"embeddable":true,"href":"https:\/\/www.immguidedtours.com\/it\/wp-json\/wp\/v2\/users\/1"}],"replies":[{"embeddable":true,"href":"https:\/\/www.immguidedtours.com\/it\/wp-json\/wp\/v2\/comments?post=27"}],"version-history":[{"count":16,"href":"https:\/\/www.immguidedtours.com\/it\/wp-json\/wp\/v2\/pages\/27\/revisions"}],"predecessor-version":[{"id":215,"href":"https:\/\/www.immguidedtours.com\/it\/wp-json\/wp\/v2\/pages\/27\/revisions\/215"}],"wp:attachment":[{"href":"https:\/\/www.immguidedtours.com\/it\/wp-json\/wp\/v2\/media?parent=27"}],"curies":[{"name":"wp","href":"https:\/\/api.w.org\/{rel}","templated":true}]}}