{"id":4,"date":"2012-01-20T10:44:15","date_gmt":"2012-01-20T10:44:15","guid":{"rendered":"http:\/\/\/it\/it\/?page_id=4"},"modified":"2025-08-06T14:44:47","modified_gmt":"2025-08-06T12:44:47","slug":"inicio","status":"publish","type":"page","link":"https:\/\/www.immguidedtours.com\/it\/","title":{"rendered":"Home"},"content":{"rendered":"<h2 align=\"justify\">Visite Turistiche a Madrid<\/h2>\n<p>&nbsp;<\/p>\n<p align=\"justify\">IMM GUIDEDTOURS offre visite turistiche a Madrid e dintorni con guide ufficiali di provata esperienza e anche un servizio di capi gruppo per tours in Spagna e in Europa.<\/p>\n<p>Inoltre, IMM tours \u00e8 in grado de riospondere alle richieste pi\u00f9 diverse: coloro che amano storia, arte e cultura saranno soddisfati, vista l&#8217;alta qualificazzione delle nostre guide e la posibilit\u00e0 che offriamo di effetturare visita ed escursioni ordinarie e particolari, per individuali e i differenti gruppi: visite private al Prado &#8216;a porta chiusa&#8217; dopo l&#8217;orario d&#8217;apertura, incentivi, 3\u00aa et\u00e0, scuole (visite pi\u00fa leggere ma pedagogiche) etc. nelle lingue pi\u00fa importanti: italiano, inglese, francese&#8230;<\/p>\n<p>Qualit\u00e0 e servizio personalizzato costituiscono la nostra strategia per soddisfare viaggiatori e agenzie.<\/p>\n","protected":false},"excerpt":{"rendered":"<p>Visite Turistiche a Madrid &nbsp; IMM GUIDEDTOURS offre visite turistiche a Madrid e dintorni con guide ufficiali di provata esperienza e anche un servizio di capi gruppo per tours in Spagna e in Europa. Inoltre, IMM tours \u00e8 in grado &hellip; <a href=\"https:\/\/www.immguidedtours.com\/it\/\">Sigue leyendo <span class=\"meta-nav\">&rarr;<\/span><\/a><\/p>\n","protected":false},"author":1,"featured_media":0,"parent":0,"menu_order":0,"comment_status":"closed","ping_status":"open","template":"","meta":{"footnotes":""},"class_list":["post-4","page","type-page","status-publish","hentry"],"_links":{"self":[{"href":"https:\/\/www.immguidedtours.com\/it\/wp-json\/wp\/v2\/pages\/4","targetHints":{"allow":["GET"]}}],"collection":[{"href":"https:\/\/www.immguidedtours.com\/it\/wp-json\/wp\/v2\/pages"}],"about":[{"href":"https:\/\/www.immguidedtours.com\/it\/wp-json\/wp\/v2\/types\/page"}],"author":[{"embeddable":true,"href":"https:\/\/www.immguidedtours.com\/it\/wp-json\/wp\/v2\/users\/1"}],"replies":[{"embeddable":true,"href":"https:\/\/www.immguidedtours.com\/it\/wp-json\/wp\/v2\/comments?post=4"}],"version-history":[{"count":15,"href":"https:\/\/www.immguidedtours.com\/it\/wp-json\/wp\/v2\/pages\/4\/revisions"}],"predecessor-version":[{"id":142,"href":"https:\/\/www.immguidedtours.com\/it\/wp-json\/wp\/v2\/pages\/4\/revisions\/142"}],"wp:attachment":[{"href":"https:\/\/www.immguidedtours.com\/it\/wp-json\/wp\/v2\/media?parent=4"}],"curies":[{"name":"wp","href":"https:\/\/api.w.org\/{rel}","templated":true}]}}